{"id":2903,"date":"2024-03-01T15:55:30","date_gmt":"2024-03-01T15:55:30","guid":{"rendered":"https:\/\/lernende-demokratie.de\/?page_id=2903"},"modified":"2024-03-01T15:55:31","modified_gmt":"2024-03-01T15:55:31","slug":"datenschutzerklaerung","status":"publish","type":"page","link":"https:\/\/lernende-demokratie.de\/en\/datenschutzerklaerung\/","title":{"rendered":"Privacy Policy"},"content":{"rendered":"<h2 class=\"wp-block-heading\">Wer wir sind<\/h2>\n\n\n\n<p>Die Adresse unserer Website ist: https:\/\/lernende-demokratie.de.<\/p>\n\n\n\n<h2 class=\"wp-block-heading\">Kommentare<\/h2>\n\n\n\n<p>Wenn Besucher Kommentare auf der Website schreiben, sammeln wir die Daten, die im Kommentar-Formular angezeigt werden, au\u00dferdem die IP-Adresse des Besuchers und den User-Agent-String (damit wird der Browser identifiziert), um die Erkennung von Spam zu unterst\u00fctzen.<\/p>\n\n\n\n<p>Aus deiner E-Mail-Adresse kann eine anonymisierte Zeichenfolge erstellt (auch Hash genannt) und dem Gravatar-Dienst \u00fcbergeben werden, um zu pr\u00fcfen, ob du diesen benutzt. Die Datenschutzerkl\u00e4rung des Gravatar-Dienstes findest du hier: https:\/\/automattic.com\/privacy\/. Nachdem dein Kommentar freigegeben wurde, ist dein Profilbild \u00f6ffentlich im Kontext deines Kommentars sichtbar.<\/p>\n\n\n\n<h2 class=\"wp-block-heading\">media<\/h2>\n\n\n\n<p>Wenn du ein registrierter Benutzer bist und Fotos auf diese Website l\u00e4dst, solltest du vermeiden, Fotos mit einem EXIF-GPS-Standort hochzuladen. Besucher dieser Website k\u00f6nnten Fotos, die auf dieser Website gespeichert sind, herunterladen und deren Standort-Informationen extrahieren.<\/p>\n\n\n\n<h2 class=\"wp-block-heading\">Cookies<\/h2>\n\n\n\n<p>Wenn du einen Kommentar auf unserer Website schreibst, kann das eine Einwilligung sein, deinen Namen, E-Mail-Adresse und Website in Cookies zu speichern. Dies ist eine Komfortfunktion, damit du nicht, wenn du einen weiteren Kommentar schreibst, all diese Daten erneut eingeben musst. Diese Cookies werden ein Jahr lang gespeichert.<\/p>\n\n\n\n<p>Falls du ein Konto hast und dich auf dieser Website anmeldest, werden wir ein tempor\u00e4res Cookie setzen, um festzustellen, ob dein Browser Cookies akzeptiert. Dieses Cookie enth\u00e4lt keine personenbezogenen Daten und wird verworfen, wenn du deinen Browser schlie\u00dft.<\/p>\n\n\n\n<p>Wenn du dich anmeldest, werden wir einige Cookies einrichten, um deine Anmeldeinformationen und Anzeigeoptionen zu speichern. Anmelde-Cookies verfallen nach zwei Tagen und Cookies f\u00fcr die Anzeigeoptionen nach einem Jahr. Falls du bei der Anmeldung \u201eAngemeldet bleiben\u201c ausw\u00e4hlst, wird deine Anmeldung zwei Wochen lang aufrechterhalten. Mit der Abmeldung aus deinem Konto werden die Anmelde-Cookies gel\u00f6scht.<\/p>\n\n\n\n<p>Wenn du einen Artikel bearbeitest oder ver\u00f6ffentlichst, wird ein zus\u00e4tzlicher Cookie in deinem Browser gespeichert. Dieser Cookie enth\u00e4lt keine personenbezogenen Daten und verweist nur auf die Beitrags-ID des Artikels, den du gerade bearbeitet hast. Der Cookie verf\u00e4llt nach einem Tag.<\/p>\n\n\n\n<h2 class=\"wp-block-heading\">Eingebettete Inhalte von anderen Websites<\/h2>\n\n\n\n<p>Beitr\u00e4ge auf dieser Website k\u00f6nnen eingebettete Inhalte beinhalten (z.\u00a0B. Videos, Bilder, Beitr\u00e4ge etc.). Eingebettete Inhalte von anderen Websites verhalten sich exakt so, als ob der Besucher die andere Website besucht h\u00e4tte.<\/p>\n\n\n\n<p>Diese Websites k\u00f6nnen Daten \u00fcber dich sammeln, Cookies benutzen, zus\u00e4tzliche Tracking-Dienste von Dritten einbetten und deine Interaktion mit diesem eingebetteten Inhalt aufzeichnen, inklusive deiner Interaktion mit dem eingebetteten Inhalt, falls du ein Konto hast und auf dieser Website angemeldet bist.<\/p>\n\n\n\n<h2 class=\"wp-block-heading\">Mit wem wir deine Daten teilen<\/h2>\n\n\n\n<p>Wenn du eine Zur\u00fccksetzung des Passworts beantragst, wird deine IP-Adresse in der E-Mail zur Zur\u00fccksetzung enthalten sein.<\/p>\n\n\n\n<h2 class=\"wp-block-heading\">Wie lange wir deine Daten speichern<\/h2>\n\n\n\n<p>Wenn du einen Kommentar schreibst, wird dieser inklusive Metadaten zeitlich unbegrenzt gespeichert. Auf diese Art k\u00f6nnen wir Folgekommentare automatisch erkennen und freigeben, anstatt sie in einer Moderations-Warteschlange festzuhalten.<\/p>\n\n\n\n<p>F\u00fcr Benutzer, die sich auf unserer Website registrieren, speichern wir zus\u00e4tzlich die pers\u00f6nlichen Informationen, die sie in ihren Benutzerprofilen angeben. Alle Benutzer k\u00f6nnen jederzeit ihre pers\u00f6nlichen Informationen einsehen, ver\u00e4ndern oder l\u00f6schen (der Benutzername kann nicht ver\u00e4ndert werden). Administratoren der Website k\u00f6nnen diese Informationen ebenfalls einsehen und ver\u00e4ndern.<\/p>\n\n\n\n<h2 class=\"wp-block-heading\">Welche Rechte du an deinen Daten hast<\/h2>\n\n\n\n<p>Wenn du ein Konto auf dieser Website besitzt oder Kommentare geschrieben hast, kannst du einen Export deiner personenbezogenen Daten bei uns anfordern, inklusive aller Daten, die du uns mitgeteilt hast. Dar\u00fcber hinaus kannst du die L\u00f6schung aller personenbezogenen Daten, die wir von dir gespeichert haben, anfordern. Dies umfasst nicht die Daten, die wir aufgrund administrativer, rechtlicher oder sicherheitsrelevanter Notwendigkeiten aufbewahren m\u00fcssen.<\/p>\n\n\n\n<h2 class=\"wp-block-heading\">Wohin deine Daten gesendet werden<\/h2>\n\n\n\n<p>Besucher-Kommentare k\u00f6nnten von einem automatisierten Dienst zur Spam-Erkennung untersucht werden.<\/p>\n\n\n\n<p><\/p>\n\n\n\n<h2 class=\"wp-block-heading\"><strong>Content<\/strong><\/h2>\n\n\n\n<p>The content of this website has been carefully prepared and reviewed. However, the owner does not guarantee the accuracy, completeness or quality of the information provided. Liability claims against the owner in respect of material or immaterial damage caused by the use or non-use of the information offered or by inaccurate or incomplete information are in principle ruled out provided that there is no provable culpable intent or gross negligence on the owner&#8217;s part. The owner expressly reserves the right to alter, amend or delete parts of the site or the entire offering, or to cease publication, without prior notice.<\/p>\n\n\n\n<h2 class=\"wp-block-heading\"><strong>External links<\/strong><\/h2>\n\n\n\n<p>Where the owner provides direct or indirect references (i.e. links) to external websites, it is liable only if the owner has precise knowledge of the content and if it is technically possible and reasonable for it to prevent use in the event that they contain unlawful content. The owner hereby expressly states that the linked websites had no illegal content when the links were set up. It has no influence whatsoever on the current or future design of the linked sites and hereby distances itself expressly from any alterations to the content that were made after the links to those sites were set up. The owner is not responsible for the content, availability, correctness or accuracy of the linked sites or of the offerings, links or advertisements therein. It is not liable for illegal, incorrect or incomplete content or in particular for damages arising from the use or non-use of the information provided on linked sites.<\/p>\n\n\n\n<h2 class=\"wp-block-heading\"><strong>Copyright<\/strong><\/h2>\n\n\n\n<p>In all publications, the owner endeavours to comply with applicable copyrights. If, in spite of this, an infringement of copyright should occur, the owner will after notification remove the relevant object from its publication or indicate the appropriate copyright. All brand names and trademarks mentioned within the Internet offering that are possibly protected by third parties are without limitation subject to the provisions of the law on trademarks and related signs and the property rights of the registered owners. The mere fact that they have been mentioned should not be taken to mean that trademarks are not protected by third-party rights. The owner holds sole copyright to the owner&#8217;s own content at the present domain. Reproduction of graphics or texts in other electronic or printed publications is not permitted without the owner&#8217;s express consent.<br>\u00a0<\/p>\n\n\n\n<h2 class=\"wp-block-heading\"><strong>Legal validity<\/strong><\/h2>\n\n\n\n<p>This disclaimer of liability is to be regarded as part of the Internet offering from which you were referred to this page. Should parts or individual forms of wording in this text not, no longer or not fully comply with applicable law, this does not affect the content or validity of the remaining parts of the document.<br>&nbsp;<\/p>\n\n\n\n<h2 class=\"wp-block-heading\"><strong>Google Analytics Disclaimer<\/strong><\/h2>\n\n\n\n<p>This website uses Google Analytics, a web analysis service of the Google Inc Google Analytics uses so-called \u201eCookies\u201c, text files which are stored on your computer and which allows an analysis of the use of the website by you. The information generated by the Cookie about your use of this website (including your IP address) is transferred to a server by Google in the USA and is stored there.<\/p>\n\n\n\n<p>Google will use this information to evaluate your use of the website in order to put together a report about the website activities for the website operators and to produce linked services with the website use and the Internet use. Also Google will transfer this information if necessary to third parties, provided that this legally prescribed or as far as third parties process these data on behalf of Google. Google will associate in no circumstances your IP address with the other data which are stored by Google.<\/p>\n\n\n\n<p>They can prevent the installation of the Cookies by a suitable setting of your browsers software; we point out to you, nevertheless, to the fact that you cannot use all functions of this website in this case if necessary fully extensively. By the use of this website you agree with the treatment of the data upraised about you by Google in the before described way and for the before named purpose.<\/p>\n\n\n\n<p>You can opt-out from being tracked by Google Analytics with effect for the future by downloading and installing Google Analytics Opt-out Browser Addon for your current web browser:\u00a0<a href=\"http:\/\/tools.google.com\/dlpage\/gaoptout?hl=en.\">http:\/\/tools.google.com\/dlpage\/gaoptout?hl=en.<\/a>.<\/p>\n\n\n\n<h2 class=\"wp-block-heading\"><strong>Haftungsausschluss<\/strong><\/h2>\n\n\n\n<p><strong>1. Content<\/strong><\/p>\n\n\n\n<p>The content of this website has been carefully prepared and reviewed. However, the owner does not guarantee the accuracy, completeness or quality of the information provided. Liability claims against the owner in respect of material or immaterial damage caused by the use or non-use of the information offered or by inaccurate or incomplete information are in principle ruled out provided that there is no provable culpable intent or gross negligence on the owner\u2019s part. The owner expressly reserves the right to alter, amend or delete parts of the site or the entire offering, or to cease publication, without prior notice.<strong>.<\/strong><\/p>\n\n\n\n<p><strong>2. External links<\/strong><\/p>\n\n\n\n<p>Where the owner provides direct or indirect references (i.e. links) to external websites, it is liable only if the owner has precise knowledge of the content and if it is technically possible and reasonable for it to prevent use in the event that they contain unlawful content. The owner hereby expressly states that the linked websites had no illegal content when the links were set up. It has no influence whatsoever on the current or future design of the linked sites and hereby distances itself expressly from any alterations to the content that were made after the links to those sites were set up. The owner is not responsible for the content, availability, correctness or accuracy of the linked sites or of the offerings, links or advertisements therein. It is not liable for illegal, incorrect or incomplete content or in particular for damages arising from the use or non-use of the information provided on linked sites.<\/p>\n\n\n\n<p><strong>3. Copyright<\/strong><\/p>\n\n\n\n<p>In all publications, the owner endeavours to comply with applicable copyrights. If, in spite of this, an infringement of copyright should occur, the owner will after notification remove the relevant object from its publication or indicate the appropriate copyright. All brand names and trademarks mentioned within the Internet offering that are possibly protected by third parties are without limitation subject to the provisions of the law on trademarks and related signs and the property rights of the registered owners. The mere fact that they have been mentioned should not be taken to mean that trademarks are not protected by third-party rights. The owner holds sole copyright to the owner\u2019s own content at the present domain. Reproduction of graphics or texts in other electronic or printed publications is not permitted without the owner\u2019s express consent.<\/p>\n\n\n\n<p><strong>4. Legal validity<\/strong><\/p>\n\n\n\n<p>This disclaimer of liability is to be regarded as part of the Internet offering from which you were referred to this page. Should parts or individual forms of wording in this text not, no longer or not fully comply with applicable law, this does not affect the content or validity of the remaining parts of the document.<\/p>\n\n\n\n<p><strong>5. Google Analytics Disclaimer<\/strong><\/p>\n\n\n\n<p>This website uses Google Analytics, a web analysis service of the Google Inc Google Analytics uses so-called \u201eCookies\u201c, text files which are stored on your computer and which allows an analysis of the use of the website by you. The information generated by the Cookie about your use of this website (including your IP address) is transferred to a server by Google in the USA and is stored there.<\/p>\n\n\n\n<p>Google will use this information to evaluate your use of the website in order to put together a report about the website activities for the website operators and to produce linked services with the website use and the Internet use. Also Google will transfer this information if necessary to third parties, provided that this legally prescribed or as far as third parties process these data on behalf of Google. Google will associate in no circumstances your IP address with the other data which are stored by Google.<\/p>\n\n\n\n<p>They can prevent the installation of the Cookies by a suitable setting of your browsers software; we point out to you, nevertheless, to the fact that you cannot use all functions of this website in this case if necessary fully extensively. By the use of this website you agree with the treatment of the data upraised about you by Google in the before described way and for the before named purpose.<\/p>\n\n\n\n<p>You can opt-out from being tracked by Google Analytics with effect for the future by downloading and installing Google Analytics Opt-out Browser Addon for your current web browser:&nbsp;<a href=\"http:\/\/tools.google.com\/dlpage\/gaoptout?hl=en.\">http:\/\/tools.google.com\/dlpage\/gaoptout?hl=en.<\/a>.<\/p>","protected":false},"excerpt":{"rendered":"<p>Wer wir sind Die Adresse unserer Website ist: https:\/\/lernende-demokratie.de. Kommentare Wenn Besucher Kommentare auf der Website schreiben, sammeln wir die Daten, die im Kommentar-Formular angezeigt werden, au\u00dferdem die IP-Adresse des [&hellip;]<\/p>\n","protected":false},"author":1,"featured_media":0,"parent":0,"menu_order":0,"comment_status":"closed","ping_status":"closed","template":"","meta":{"site-sidebar-layout":"default","site-content-layout":"","ast-site-content-layout":"default","site-content-style":"default","site-sidebar-style":"default","ast-global-header-display":"","ast-banner-title-visibility":"","ast-main-header-display":"","ast-hfb-above-header-display":"","ast-hfb-below-header-display":"","ast-hfb-mobile-header-display":"","site-post-title":"","ast-breadcrumbs-content":"","ast-featured-img":"","footer-sml-layout":"","ast-disable-related-posts":"","theme-transparent-header-meta":"","adv-header-id-meta":"","stick-header-meta":"","header-above-stick-meta":"","header-main-stick-meta":"","header-below-stick-meta":"","astra-migrate-meta-layouts":"set","ast-page-background-enabled":"default","ast-page-background-meta":{"desktop":{"background-color":"","background-image":"","background-repeat":"repeat","background-position":"center center","background-size":"auto","background-attachment":"scroll","background-type":"","background-media":"","overlay-type":"","overlay-color":"","overlay-opacity":"","overlay-gradient":""},"tablet":{"background-color":"","background-image":"","background-repeat":"repeat","background-position":"center center","background-size":"auto","background-attachment":"scroll","background-type":"","background-media":"","overlay-type":"","overlay-color":"","overlay-opacity":"","overlay-gradient":""},"mobile":{"background-color":"","background-image":"","background-repeat":"repeat","background-position":"center center","background-size":"auto","background-attachment":"scroll","background-type":"","background-media":"","overlay-type":"","overlay-color":"","overlay-opacity":"","overlay-gradient":""}},"ast-content-background-meta":{"desktop":{"background-color":"var(--ast-global-color-5)","background-image":"","background-repeat":"repeat","background-position":"center center","background-size":"auto","background-attachment":"scroll","background-type":"","background-media":"","overlay-type":"","overlay-color":"","overlay-opacity":"","overlay-gradient":""},"tablet":{"background-color":"var(--ast-global-color-5)","background-image":"","background-repeat":"repeat","background-position":"center center","background-size":"auto","background-attachment":"scroll","background-type":"","background-media":"","overlay-type":"","overlay-color":"","overlay-opacity":"","overlay-gradient":""},"mobile":{"background-color":"var(--ast-global-color-5)","background-image":"","background-repeat":"repeat","background-position":"center center","background-size":"auto","background-attachment":"scroll","background-type":"","background-media":"","overlay-type":"","overlay-color":"","overlay-opacity":"","overlay-gradient":""}},"_price":"","_stock":"","_tribe_ticket_header":"","_tribe_default_ticket_provider":"","_tribe_ticket_capacity":"0","_ticket_start_date":"","_ticket_end_date":"","_tribe_ticket_show_description":"","_tribe_ticket_show_not_going":false,"_tribe_ticket_use_global_stock":"","_tribe_ticket_global_stock_level":"","_global_stock_mode":"","_global_stock_cap":"","_tribe_rsvp_for_event":"","_tribe_ticket_going_count":"","_tribe_ticket_not_going_count":"","_tribe_tickets_list":"[]","_tribe_ticket_has_attendee_info_fields":false,"_EventAllDay":false,"_EventTimezone":"","_EventStartDate":"","_EventEndDate":"","_EventStartDateUTC":"","_EventEndDateUTC":"","_EventShowMap":false,"_EventShowMapLink":false,"_EventURL":"","_EventCost":"","_EventCostDescription":"","_EventCurrencySymbol":"","_EventCurrencyCode":"","_EventCurrencyPosition":"","_EventDateTimeSeparator":"","_EventTimeRangeSeparator":"","_EventOrganizerID":[],"_EventVenueID":[],"_OrganizerEmail":"","_OrganizerPhone":"","_OrganizerWebsite":"","_VenueAddress":"","_VenueCity":"","_VenueCountry":"","_VenueProvince":"","_VenueState":"","_VenueZip":"","_VenuePhone":"","_VenueURL":"","_VenueStateProvince":"","_VenueLat":"","_VenueLng":"","_VenueShowMap":false,"_VenueShowMapLink":false,"footnotes":"","_tec_slr_enabled":"","_tec_slr_layout":""},"class_list":["post-2903","page","type-page","status-publish","hentry"],"ticketed":false,"_links":{"self":[{"href":"https:\/\/lernende-demokratie.de\/en\/wp-json\/wp\/v2\/pages\/2903","targetHints":{"allow":["GET"]}}],"collection":[{"href":"https:\/\/lernende-demokratie.de\/en\/wp-json\/wp\/v2\/pages"}],"about":[{"href":"https:\/\/lernende-demokratie.de\/en\/wp-json\/wp\/v2\/types\/page"}],"author":[{"embeddable":true,"href":"https:\/\/lernende-demokratie.de\/en\/wp-json\/wp\/v2\/users\/1"}],"replies":[{"embeddable":true,"href":"https:\/\/lernende-demokratie.de\/en\/wp-json\/wp\/v2\/comments?post=2903"}],"version-history":[{"count":1,"href":"https:\/\/lernende-demokratie.de\/en\/wp-json\/wp\/v2\/pages\/2903\/revisions"}],"predecessor-version":[{"id":2904,"href":"https:\/\/lernende-demokratie.de\/en\/wp-json\/wp\/v2\/pages\/2903\/revisions\/2904"}],"wp:attachment":[{"href":"https:\/\/lernende-demokratie.de\/en\/wp-json\/wp\/v2\/media?parent=2903"}],"curies":[{"name":"wp","href":"https:\/\/api.w.org\/{rel}","templated":true}]}}